{"id":4795,"date":"2021-10-15T17:09:43","date_gmt":"2021-10-15T17:09:43","guid":{"rendered":"https:\/\/antoniofeola.it\/?page_id=4795"},"modified":"2026-01-22T14:52:24","modified_gmt":"2026-01-22T14:52:24","slug":"biography","status":"publish","type":"page","link":"https:\/\/antoniofeola.it\/?page_id=4795","title":{"rendered":"biography"},"content":{"rendered":"\t\t<div data-elementor-type=\"wp-post\" data-elementor-id=\"4795\" class=\"elementor elementor-4795\">\n\t\t\t\t\t\t\t\t\t<section class=\"elementor-section elementor-top-section elementor-element elementor-element-5f858ee elementor-section-boxed elementor-section-height-default elementor-section-height-default\" data-id=\"5f858ee\" data-element_type=\"section\">\n\t\t\t\t\t\t<div class=\"elementor-container elementor-column-gap-default\">\n\t\t\t\t\t<div class=\"elementor-column elementor-col-100 elementor-top-column elementor-element elementor-element-e50e1f4\" data-id=\"e50e1f4\" data-element_type=\"column\">\n\t\t\t<div class=\"elementor-widget-wrap elementor-element-populated\">\n\t\t\t\t\t\t\t\t<div class=\"elementor-element elementor-element-fc18068 hfe-nav-menu__align-center hfe-submenu-icon-arrow hfe-submenu-animation-none hfe-link-redirect-child hfe-nav-menu__breakpoint-tablet elementor-widget elementor-widget-navigation-menu\" data-id=\"fc18068\" data-element_type=\"widget\" data-settings=\"{&quot;padding_horizontal_menu_item&quot;:{&quot;unit&quot;:&quot;px&quot;,&quot;size&quot;:15,&quot;sizes&quot;:[]},&quot;padding_horizontal_menu_item_tablet&quot;:{&quot;unit&quot;:&quot;px&quot;,&quot;size&quot;:&quot;&quot;,&quot;sizes&quot;:[]},&quot;padding_horizontal_menu_item_mobile&quot;:{&quot;unit&quot;:&quot;px&quot;,&quot;size&quot;:&quot;&quot;,&quot;sizes&quot;:[]},&quot;padding_vertical_menu_item&quot;:{&quot;unit&quot;:&quot;px&quot;,&quot;size&quot;:15,&quot;sizes&quot;:[]},&quot;padding_vertical_menu_item_tablet&quot;:{&quot;unit&quot;:&quot;px&quot;,&quot;size&quot;:&quot;&quot;,&quot;sizes&quot;:[]},&quot;padding_vertical_menu_item_mobile&quot;:{&quot;unit&quot;:&quot;px&quot;,&quot;size&quot;:&quot;&quot;,&quot;sizes&quot;:[]},&quot;menu_space_between&quot;:{&quot;unit&quot;:&quot;px&quot;,&quot;size&quot;:&quot;&quot;,&quot;sizes&quot;:[]},&quot;menu_space_between_tablet&quot;:{&quot;unit&quot;:&quot;px&quot;,&quot;size&quot;:&quot;&quot;,&quot;sizes&quot;:[]},&quot;menu_space_between_mobile&quot;:{&quot;unit&quot;:&quot;px&quot;,&quot;size&quot;:&quot;&quot;,&quot;sizes&quot;:[]},&quot;menu_row_space&quot;:{&quot;unit&quot;:&quot;px&quot;,&quot;size&quot;:&quot;&quot;,&quot;sizes&quot;:[]},&quot;menu_row_space_tablet&quot;:{&quot;unit&quot;:&quot;px&quot;,&quot;size&quot;:&quot;&quot;,&quot;sizes&quot;:[]},&quot;menu_row_space_mobile&quot;:{&quot;unit&quot;:&quot;px&quot;,&quot;size&quot;:&quot;&quot;,&quot;sizes&quot;:[]},&quot;dropdown_border_radius&quot;:{&quot;unit&quot;:&quot;px&quot;,&quot;top&quot;:&quot;&quot;,&quot;right&quot;:&quot;&quot;,&quot;bottom&quot;:&quot;&quot;,&quot;left&quot;:&quot;&quot;,&quot;isLinked&quot;:true},&quot;dropdown_border_radius_tablet&quot;:{&quot;unit&quot;:&quot;px&quot;,&quot;top&quot;:&quot;&quot;,&quot;right&quot;:&quot;&quot;,&quot;bottom&quot;:&quot;&quot;,&quot;left&quot;:&quot;&quot;,&quot;isLinked&quot;:true},&quot;dropdown_border_radius_mobile&quot;:{&quot;unit&quot;:&quot;px&quot;,&quot;top&quot;:&quot;&quot;,&quot;right&quot;:&quot;&quot;,&quot;bottom&quot;:&quot;&quot;,&quot;left&quot;:&quot;&quot;,&quot;isLinked&quot;:true},&quot;width_dropdown_item&quot;:{&quot;unit&quot;:&quot;px&quot;,&quot;size&quot;:&quot;220&quot;,&quot;sizes&quot;:[]},&quot;width_dropdown_item_tablet&quot;:{&quot;unit&quot;:&quot;px&quot;,&quot;size&quot;:&quot;&quot;,&quot;sizes&quot;:[]},&quot;width_dropdown_item_mobile&quot;:{&quot;unit&quot;:&quot;px&quot;,&quot;size&quot;:&quot;&quot;,&quot;sizes&quot;:[]},&quot;padding_horizontal_dropdown_item&quot;:{&quot;unit&quot;:&quot;px&quot;,&quot;size&quot;:&quot;&quot;,&quot;sizes&quot;:[]},&quot;padding_horizontal_dropdown_item_tablet&quot;:{&quot;unit&quot;:&quot;px&quot;,&quot;size&quot;:&quot;&quot;,&quot;sizes&quot;:[]},&quot;padding_horizontal_dropdown_item_mobile&quot;:{&quot;unit&quot;:&quot;px&quot;,&quot;size&quot;:&quot;&quot;,&quot;sizes&quot;:[]},&quot;padding_vertical_dropdown_item&quot;:{&quot;unit&quot;:&quot;px&quot;,&quot;size&quot;:15,&quot;sizes&quot;:[]},&quot;padding_vertical_dropdown_item_tablet&quot;:{&quot;unit&quot;:&quot;px&quot;,&quot;size&quot;:&quot;&quot;,&quot;sizes&quot;:[]},&quot;padding_vertical_dropdown_item_mobile&quot;:{&quot;unit&quot;:&quot;px&quot;,&quot;size&quot;:&quot;&quot;,&quot;sizes&quot;:[]},&quot;distance_from_menu&quot;:{&quot;unit&quot;:&quot;px&quot;,&quot;size&quot;:&quot;&quot;,&quot;sizes&quot;:[]},&quot;distance_from_menu_tablet&quot;:{&quot;unit&quot;:&quot;px&quot;,&quot;size&quot;:&quot;&quot;,&quot;sizes&quot;:[]},&quot;distance_from_menu_mobile&quot;:{&quot;unit&quot;:&quot;px&quot;,&quot;size&quot;:&quot;&quot;,&quot;sizes&quot;:[]},&quot;toggle_size&quot;:{&quot;unit&quot;:&quot;px&quot;,&quot;size&quot;:&quot;&quot;,&quot;sizes&quot;:[]},&quot;toggle_size_tablet&quot;:{&quot;unit&quot;:&quot;px&quot;,&quot;size&quot;:&quot;&quot;,&quot;sizes&quot;:[]},&quot;toggle_size_mobile&quot;:{&quot;unit&quot;:&quot;px&quot;,&quot;size&quot;:&quot;&quot;,&quot;sizes&quot;:[]},&quot;toggle_border_width&quot;:{&quot;unit&quot;:&quot;px&quot;,&quot;size&quot;:&quot;&quot;,&quot;sizes&quot;:[]},&quot;toggle_border_width_tablet&quot;:{&quot;unit&quot;:&quot;px&quot;,&quot;size&quot;:&quot;&quot;,&quot;sizes&quot;:[]},&quot;toggle_border_width_mobile&quot;:{&quot;unit&quot;:&quot;px&quot;,&quot;size&quot;:&quot;&quot;,&quot;sizes&quot;:[]},&quot;toggle_border_radius&quot;:{&quot;unit&quot;:&quot;px&quot;,&quot;size&quot;:&quot;&quot;,&quot;sizes&quot;:[]},&quot;toggle_border_radius_tablet&quot;:{&quot;unit&quot;:&quot;px&quot;,&quot;size&quot;:&quot;&quot;,&quot;sizes&quot;:[]},&quot;toggle_border_radius_mobile&quot;:{&quot;unit&quot;:&quot;px&quot;,&quot;size&quot;:&quot;&quot;,&quot;sizes&quot;:[]}}\" data-widget_type=\"navigation-menu.default\">\n\t\t\t\t<div class=\"elementor-widget-container\">\n\t\t\t\t\t\t<div class=\"hfe-nav-menu hfe-layout-horizontal hfe-nav-menu-layout horizontal hfe-pointer__none\" data-layout=\"horizontal\">\n\t\t\t\t<div class=\"hfe-nav-menu__toggle elementor-clickable\">\n\t\t\t\t\t<div class=\"hfe-nav-menu-icon\">\n\t\t\t\t\t\t<i aria-hidden=\"true\" tabindex=\"0\" class=\"fas fa-align-justify\"><\/i>\t\t\t\t\t<\/div>\n\t\t\t\t<\/div>\n\t\t\t\t<nav class=\"hfe-nav-menu__layout-horizontal hfe-nav-menu__submenu-arrow\" data-toggle-icon=\"&lt;i aria-hidden=&quot;true&quot; tabindex=&quot;0&quot; class=&quot;fas fa-align-justify&quot;&gt;&lt;\/i&gt;\" data-close-icon=\"&lt;i aria-hidden=&quot;true&quot; tabindex=&quot;0&quot; class=&quot;far fa-window-close&quot;&gt;&lt;\/i&gt;\" data-full-width=\"yes\"><ul id=\"menu-1-fc18068\" class=\"hfe-nav-menu\"><li id=\"menu-item-4968\" class=\"menu-item menu-item-type-custom menu-item-object-custom parent hfe-creative-menu\"><a href=\"https:\/\/antoniofeola.it\/?page_id=4780\" class = \"hfe-menu-item\">Homepage<\/a><\/li>\n<li id=\"menu-item-4969\" class=\"menu-item menu-item-type-custom menu-item-object-custom parent hfe-creative-menu\"><a href=\"https:\/\/antoniofeola.it\/?page_id=4795\" class = \"hfe-menu-item\">Biography<\/a><\/li>\n<li id=\"menu-item-4970\" class=\"menu-item menu-item-type-custom menu-item-object-custom parent hfe-creative-menu\"><a href=\"https:\/\/antoniofeola.it\/?page_id=4784\" class = \"hfe-menu-item\">Works<\/a><\/li>\n<li id=\"menu-item-4971\" class=\"menu-item menu-item-type-custom menu-item-object-custom parent hfe-creative-menu\"><a href=\"https:\/\/antoniofeola.it\/?page_id=4780#contacts\" class = \"hfe-menu-item\">Contacts<\/a><\/li>\n<li id=\"menu-item-5073\" class=\"menu-item menu-item-type-custom menu-item-object-custom menu-item-has-children parent hfe-has-submenu hfe-creative-menu\"><div class=\"hfe-has-submenu-container\"><a href=\"#\" class = \"hfe-menu-item\"><img decoding=\"async\" src=\"https:\/\/antoniofeola.it\/wp-content\/uploads\/2021\/10\/ENG-3.png\" class=\"_mi _before _svg\" aria-hidden=\"true\" alt=\"\" width=\"512px\" height=\"512px\" style=\"width:1.2em;\"\/><span>En<\/span><span class='hfe-menu-toggle sub-arrow hfe-menu-child-0'><i class='fa'><\/i><\/span><\/a><\/div>\n<ul class=\"sub-menu\">\n\t<li id=\"menu-item-5053\" class=\"menu-item menu-item-type-custom menu-item-object-custom menu-item-home hfe-creative-menu\"><a href=\"https:\/\/antoniofeola.it\/\" class = \"hfe-sub-menu-item\"><span>It<\/span><img decoding=\"async\" src=\"https:\/\/antoniofeola.it\/wp-content\/uploads\/2021\/10\/ITA-1.png\" class=\"_mi _after _svg\" aria-hidden=\"true\" alt=\"\" width=\"512px\" height=\"512px\" style=\"width:1.2em;vertical-align:bottom;\"\/><\/a><\/li>\n<\/ul>\n<\/li>\n<\/ul><\/nav>              \n\t\t\t<\/div>\n\t\t\t\t\t<\/div>\n\t\t\t\t<\/div>\n\t\t\t\t\t<\/div>\n\t\t<\/div>\n\t\t\t\t\t\t\t<\/div>\n\t\t<\/section>\n\t\t\t\t<section class=\"elementor-section elementor-top-section elementor-element elementor-element-7af1913 elementor-section-content-middle elementor-section-boxed elementor-section-height-default elementor-section-height-default\" data-id=\"7af1913\" data-element_type=\"section\" data-settings=\"{&quot;background_background&quot;:&quot;classic&quot;}\">\n\t\t\t\t\t\t\t<div class=\"elementor-background-overlay\"><\/div>\n\t\t\t\t\t\t\t<div class=\"elementor-container elementor-column-gap-default\">\n\t\t\t\t\t<div class=\"elementor-column elementor-col-100 elementor-top-column elementor-element elementor-element-6ed6cac\" data-id=\"6ed6cac\" data-element_type=\"column\">\n\t\t\t<div class=\"elementor-widget-wrap elementor-element-populated\">\n\t\t\t\t\t\t\t\t<div class=\"elementor-element elementor-element-285c924 elementor-widget elementor-widget-heading\" data-id=\"285c924\" data-element_type=\"widget\" data-widget_type=\"heading.default\">\n\t\t\t\t<div class=\"elementor-widget-container\">\n\t\t\t<style>\/*! elementor - v3.6.6 - 08-06-2022 *\/\n.elementor-heading-title{padding:0;margin:0;line-height:1}.elementor-widget-heading .elementor-heading-title[class*=elementor-size-]>a{color:inherit;font-size:inherit;line-height:inherit}.elementor-widget-heading .elementor-heading-title.elementor-size-small{font-size:15px}.elementor-widget-heading .elementor-heading-title.elementor-size-medium{font-size:19px}.elementor-widget-heading .elementor-heading-title.elementor-size-large{font-size:29px}.elementor-widget-heading .elementor-heading-title.elementor-size-xl{font-size:39px}.elementor-widget-heading .elementor-heading-title.elementor-size-xxl{font-size:59px}<\/style><h1 class=\"elementor-heading-title elementor-size-default\">Biography<\/h1>\t\t<\/div>\n\t\t\t\t<\/div>\n\t\t\t\t\t<\/div>\n\t\t<\/div>\n\t\t\t\t\t\t\t<\/div>\n\t\t<\/section>\n\t\t\t\t<section class=\"elementor-section elementor-top-section elementor-element elementor-element-9cf62e1 elementor-section-boxed elementor-section-height-default elementor-section-height-default\" data-id=\"9cf62e1\" data-element_type=\"section\">\n\t\t\t\t\t\t<div class=\"elementor-container elementor-column-gap-default\">\n\t\t\t\t\t<div class=\"elementor-column elementor-col-100 elementor-top-column elementor-element elementor-element-7aa23da\" data-id=\"7aa23da\" data-element_type=\"column\">\n\t\t\t<div class=\"elementor-widget-wrap elementor-element-populated\">\n\t\t\t\t\t\t\t\t<div class=\"elementor-element elementor-element-9ea9b08 elementor-widget elementor-widget-image\" data-id=\"9ea9b08\" data-element_type=\"widget\" data-widget_type=\"image.default\">\n\t\t\t\t<div class=\"elementor-widget-container\">\n\t\t\t<style>\/*! elementor - v3.6.6 - 08-06-2022 *\/\n.elementor-widget-image{text-align:center}.elementor-widget-image a{display:inline-block}.elementor-widget-image a img[src$=\".svg\"]{width:48px}.elementor-widget-image img{vertical-align:middle;display:inline-block}<\/style>\t\t\t\t\t\t\t\t\t\t\t\t<img loading=\"lazy\" decoding=\"async\" width=\"768\" height=\"734\" src=\"https:\/\/antoniofeola.it\/wp-content\/uploads\/2021\/10\/foto-feola-antonio-768x734.jpg\" class=\"attachment-medium_large size-medium_large\" alt=\"\" srcset=\"https:\/\/antoniofeola.it\/wp-content\/uploads\/2021\/10\/foto-feola-antonio-768x734.jpg 768w, https:\/\/antoniofeola.it\/wp-content\/uploads\/2021\/10\/foto-feola-antonio-300x287.jpg 300w, https:\/\/antoniofeola.it\/wp-content\/uploads\/2021\/10\/foto-feola-antonio-1024x979.jpg 1024w, https:\/\/antoniofeola.it\/wp-content\/uploads\/2021\/10\/foto-feola-antonio-1536x1469.jpg 1536w, https:\/\/antoniofeola.it\/wp-content\/uploads\/2021\/10\/foto-feola-antonio.jpg 2048w\" sizes=\"auto, (max-width: 768px) 100vw, 768px\" \/>\t\t\t\t\t\t\t\t\t\t\t\t\t\t\t<\/div>\n\t\t\t\t<\/div>\n\t\t\t\t\t<\/div>\n\t\t<\/div>\n\t\t\t\t\t\t\t<\/div>\n\t\t<\/section>\n\t\t\t\t<section class=\"elementor-section elementor-top-section elementor-element elementor-element-7d33ea6 elementor-section-boxed elementor-section-height-default elementor-section-height-default\" data-id=\"7d33ea6\" data-element_type=\"section\">\n\t\t\t\t\t\t<div class=\"elementor-container elementor-column-gap-default\">\n\t\t\t\t\t<div class=\"elementor-column elementor-col-100 elementor-top-column elementor-element elementor-element-827726c\" data-id=\"827726c\" data-element_type=\"column\" data-settings=\"{&quot;background_background&quot;:&quot;classic&quot;}\">\n\t\t\t<div class=\"elementor-widget-wrap elementor-element-populated\">\n\t\t\t\t\t\t\t\t<section class=\"elementor-section elementor-inner-section elementor-element elementor-element-ac995aa elementor-section-full_width elementor-section-content-middle elementor-section-height-default elementor-section-height-default\" data-id=\"ac995aa\" data-element_type=\"section\">\n\t\t\t\t\t\t<div class=\"elementor-container elementor-column-gap-no\">\n\t\t\t\t\t<div class=\"elementor-column elementor-col-100 elementor-inner-column elementor-element elementor-element-7f38b0a\" data-id=\"7f38b0a\" data-element_type=\"column\" data-settings=\"{&quot;background_background&quot;:&quot;classic&quot;}\">\n\t\t\t<div class=\"elementor-widget-wrap elementor-element-populated\">\n\t\t\t\t\t\t\t\t<div class=\"elementor-element elementor-element-4e5eb83c elementor-widget elementor-widget-heading\" data-id=\"4e5eb83c\" data-element_type=\"widget\" data-widget_type=\"heading.default\">\n\t\t\t\t<div class=\"elementor-widget-container\">\n\t\t\t<h2 class=\"elementor-heading-title elementor-size-default\">Antonio Feola<\/h2>\t\t<\/div>\n\t\t\t\t<\/div>\n\t\t\t\t<div class=\"elementor-element elementor-element-f70f2dc elementor-drop-cap-yes elementor-drop-cap-view-default elementor-widget elementor-widget-text-editor\" data-id=\"f70f2dc\" data-element_type=\"widget\" data-settings=\"{&quot;drop_cap&quot;:&quot;yes&quot;}\" data-widget_type=\"text-editor.default\">\n\t\t\t\t<div class=\"elementor-widget-container\">\n\t\t\t<style>\/*! elementor - v3.6.6 - 08-06-2022 *\/\n.elementor-widget-text-editor.elementor-drop-cap-view-stacked .elementor-drop-cap{background-color:#818a91;color:#fff}.elementor-widget-text-editor.elementor-drop-cap-view-framed .elementor-drop-cap{color:#818a91;border:3px solid;background-color:transparent}.elementor-widget-text-editor:not(.elementor-drop-cap-view-default) .elementor-drop-cap{margin-top:8px}.elementor-widget-text-editor:not(.elementor-drop-cap-view-default) .elementor-drop-cap-letter{width:1em;height:1em}.elementor-widget-text-editor .elementor-drop-cap{float:left;text-align:center;line-height:1;font-size:50px}.elementor-widget-text-editor .elementor-drop-cap-letter{display:inline-block}<\/style>\t\t\t\t<p>Antonio<strong> Feola <\/strong>was born in Salerno in 1986, he graduated from the Liceo Artistico of the city, but his most important training has been self-taught since 2010, studying with passion ancient treatises and observing numerous paintings of the great protagonists of the past, on which he will base his research His working method, in fact, is based on that of the ancient workshops, starting from the choice of the tables and rough canvases, up to the grinding of the colors in order to have a complete mastery of the pictorial material<\/p>\n<p><strong>Critical text by Anna Rita Delucca<\/strong><\/p>\n<p>Trained at the Liceo Artistico of Salerno, he began to deepen his technical knowledge through the study of great baroque workshop masters, from Titian to the Flemish, from Caravaggio to Rubens, preserving both the ancient systems for mixing colors (uses, for example, the tempera with egg base), and the style of the symbols that characterize the history of painting of the time; these are coded messages, one of them all, that of the vanitas, which Feola brings back with force in the contemporary world.<\/p>\n<p>Although our age is characterized by a hidden tendency to ignore this kind of concepts, as if for fear of bringing them back to mind, but the illusion of being able, casually, to undo it is re-enacted by the powerful compositional constructions of this painter, meticulous in his research signs that come from the myths of the past but at the same time, impetuous in their representation, forcing us to meditate on the inexorable transience of human affairs.<\/p>\n<p><strong>PERSONAL EXHIBITIONS<\/strong><\/p>\n<p><strong>2016<\/strong> &#8211; <strong>Agropoli<\/strong> (SA), Palace of Arts, Antonio Feola.<br>Feelings and expressions, curator: Antonella Nigro.<br><strong>2017<\/strong> &#8211; <strong>Salerno<\/strong>, Palazzo Genovese, Antonio Feola, Needs.<br><strong>2018<\/strong> &#8211; <strong>Agropoli<\/strong> (SA), Angevin Aragonese Castle, Room of the French, Antonio Feola. Elo\u00ec Elo\u00ec Lem\u00e0 sabact\u00e0ni? curated by Antonella Nigro.<br><strong>2019<\/strong> &#8211; <strong>Rome<\/strong>, Il Collezionista Gallery, Antonio Feola, The art of the past in the present, critique by Mara Ferloni<\/p>\n<p><strong>COLLECTIVE EXHIBITIONS<\/strong><\/p>\n<p><strong>2017 &#8211; Salerno<\/strong>, Arte Salerno 2017<br><strong>2018 &#8211; London<\/strong>, London Art Prize, Brick Lane Gallery<br><strong>2018 &#8211; Rome,<\/strong> Mediterranean, Pilgerzentrum Gallery, curated by Antonella Nigro<br><strong>2018 &#8211; Salerno<\/strong>, Mediterraneo 2 \u00b0, Museum of Creative Art, curated by Antonella Nigro.<br><strong>2018 &#8211; Florence<\/strong>, Visual Passions, Auditorium Duomo di Firenze, curated by the Cultural Association Napoli Nostra.<br><strong>2018 &#8211; Anacapri<\/strong> (NA), The enchantment of art on the island of love, Eden Paradiso by the Associazione Culturale Napoli Nostra.<br><strong>2018 &#8211; Padua<\/strong>, Arte Padova 2018, (Cultural Association Napoli Nostra).<br><strong>2018 &#8211; Naples<\/strong>, Art As Motion Of The Soul, Maschio Angioino (Castel Nuovo) by the Cultural Association Napoli Nostra.<br><strong>2019 &#8211; Buccino<\/strong> (SA), My HeArt, National Archaeological Museum of Volcei, curated by Antonella Nigro.<br><em><strong>2021 &#8211; Rome,&nbsp;<\/strong><\/em>Liber, halls of the Bibliotheca Angelica, curated by Antonella Nigro.<br><strong>2023 &#8211; Naples,<em>&nbsp;<\/em><\/strong><em>Effetto Doppler, Spazio 57, curated by Melania Fusaro and Simona<\/em> Oliviero.<strong><br><\/strong><strong>2024 &#8211; Eboli,&nbsp;<\/strong><em>Nazional Archaeological Museum of Eboli, curated by Antonella Nigro.<br><\/em><strong>2025 &#8211; Naples,&nbsp;<\/strong><em>Rhapsodia, Church of Santa Maria of Portosalvo, curated by Melania Fusaro and Federica Guida.<br><strong>2025 &#8211;<\/strong><\/em><strong> Paris,&nbsp;<\/strong><em>T\u00e8chne, Galerie Thuillier, curated by Ada Fernandes, Melania Fusaro and Federica Guida.<br><\/em><strong>2025 &#8211; Teggiano (SA),<\/strong>&nbsp;<em>Silente, Complesso Monumentale della Santissima Piet\u00e0, curated by Antonella Nigro.<\/em><\/p>\t\t\t\t\t\t<\/div>\n\t\t\t\t<\/div>\n\t\t\t\t\t<\/div>\n\t\t<\/div>\n\t\t\t\t\t\t\t<\/div>\n\t\t<\/section>\n\t\t\t\t\t<\/div>\n\t\t<\/div>\n\t\t\t\t\t\t\t<\/div>\n\t\t<\/section>\n\t\t\t\t\t\t\t<\/div>\n\t\t","protected":false},"excerpt":{"rendered":"<p>Homepage Biography Works Contacts En It Biography Antonio Feola Antonio Feola was born in Salerno in 1986, he graduated from the Liceo Artistico of the city, but his most important training has been self-taught since 2010, studying with passion ancient treatises and observing numerous paintings of the great protagonists of the past, on which he &hellip;<\/p>\n<p class=\"read-more\"> <a class=\"\" href=\"https:\/\/antoniofeola.it\/?page_id=4795\"> <span class=\"screen-reader-text\">biography<\/span> Leggi altro &raquo;<\/a><\/p>\n","protected":false},"author":1,"featured_media":0,"parent":0,"menu_order":0,"comment_status":"closed","ping_status":"closed","template":"","meta":{"footnotes":""},"class_list":["post-4795","page","type-page","status-publish","hentry"],"yoast_head":"<!-- This site is optimized with the Yoast SEO plugin v19.6.1 - https:\/\/yoast.com\/wordpress\/plugins\/seo\/ -->\n<title>biography - Antonio Feola - Italian painter<\/title>\n<meta name=\"robots\" content=\"index, follow, max-snippet:-1, max-image-preview:large, max-video-preview:-1\" \/>\n<link rel=\"canonical\" href=\"https:\/\/antoniofeola.it\/?page_id=4795\" \/>\n<meta property=\"og:locale\" content=\"it_IT\" \/>\n<meta property=\"og:type\" content=\"article\" \/>\n<meta property=\"og:title\" content=\"biography - Antonio Feola - Italian painter\" \/>\n<meta property=\"og:description\" content=\"Homepage Biography Works Contacts En It Biography Antonio Feola Antonio Feola was born in Salerno in 1986, he graduated from the Liceo Artistico of the city, but his most important training has been self-taught since 2010, studying with passion ancient treatises and observing numerous paintings of the great protagonists of the past, on which he &hellip; biography Leggi altro &raquo;\" \/>\n<meta property=\"og:url\" content=\"https:\/\/antoniofeola.it\/?page_id=4795\" \/>\n<meta property=\"og:site_name\" content=\"Antonio Feola - Italian painter\" \/>\n<meta property=\"article:modified_time\" content=\"2026-01-22T14:52:24+00:00\" \/>\n<meta property=\"og:image\" content=\"https:\/\/antoniofeola.it\/wp-content\/uploads\/2021\/10\/foto-feola-antonio-768x734.jpg\" \/>\n<meta name=\"twitter:card\" content=\"summary_large_image\" \/>\n<meta name=\"twitter:label1\" content=\"Tempo di lettura stimato\" \/>\n\t<meta name=\"twitter:data1\" content=\"3 minuti\" \/>\n<script type=\"application\/ld+json\" class=\"yoast-schema-graph\">{\"@context\":\"https:\/\/schema.org\",\"@graph\":[{\"@type\":\"WebPage\",\"@id\":\"https:\/\/antoniofeola.it\/?page_id=4795\",\"url\":\"https:\/\/antoniofeola.it\/?page_id=4795\",\"name\":\"biography - Antonio Feola - Italian painter\",\"isPartOf\":{\"@id\":\"https:\/\/antoniofeola.it\/#website\"},\"datePublished\":\"2021-10-15T17:09:43+00:00\",\"dateModified\":\"2026-01-22T14:52:24+00:00\",\"breadcrumb\":{\"@id\":\"https:\/\/antoniofeola.it\/?page_id=4795#breadcrumb\"},\"inLanguage\":\"it-IT\",\"potentialAction\":[{\"@type\":\"ReadAction\",\"target\":[\"https:\/\/antoniofeola.it\/?page_id=4795\"]}]},{\"@type\":\"BreadcrumbList\",\"@id\":\"https:\/\/antoniofeola.it\/?page_id=4795#breadcrumb\",\"itemListElement\":[{\"@type\":\"ListItem\",\"position\":1,\"name\":\"Home\",\"item\":\"https:\/\/antoniofeola.it\/\"},{\"@type\":\"ListItem\",\"position\":2,\"name\":\"biography\"}]},{\"@type\":\"WebSite\",\"@id\":\"https:\/\/antoniofeola.it\/#website\",\"url\":\"https:\/\/antoniofeola.it\/\",\"name\":\"Antonio Feola - Italian painter\",\"description\":\"\",\"potentialAction\":[{\"@type\":\"SearchAction\",\"target\":{\"@type\":\"EntryPoint\",\"urlTemplate\":\"https:\/\/antoniofeola.it\/?s={search_term_string}\"},\"query-input\":\"required name=search_term_string\"}],\"inLanguage\":\"it-IT\"}]}<\/script>\n<!-- \/ Yoast SEO plugin. -->","yoast_head_json":{"title":"biography - Antonio Feola - Italian painter","robots":{"index":"index","follow":"follow","max-snippet":"max-snippet:-1","max-image-preview":"max-image-preview:large","max-video-preview":"max-video-preview:-1"},"canonical":"https:\/\/antoniofeola.it\/?page_id=4795","og_locale":"it_IT","og_type":"article","og_title":"biography - Antonio Feola - Italian painter","og_description":"Homepage Biography Works Contacts En It Biography Antonio Feola Antonio Feola was born in Salerno in 1986, he graduated from the Liceo Artistico of the city, but his most important training has been self-taught since 2010, studying with passion ancient treatises and observing numerous paintings of the great protagonists of the past, on which he &hellip; biography Leggi altro &raquo;","og_url":"https:\/\/antoniofeola.it\/?page_id=4795","og_site_name":"Antonio Feola - Italian painter","article_modified_time":"2026-01-22T14:52:24+00:00","og_image":[{"url":"https:\/\/antoniofeola.it\/wp-content\/uploads\/2021\/10\/foto-feola-antonio-768x734.jpg"}],"twitter_card":"summary_large_image","twitter_misc":{"Tempo di lettura stimato":"3 minuti"},"schema":{"@context":"https:\/\/schema.org","@graph":[{"@type":"WebPage","@id":"https:\/\/antoniofeola.it\/?page_id=4795","url":"https:\/\/antoniofeola.it\/?page_id=4795","name":"biography - Antonio Feola - Italian painter","isPartOf":{"@id":"https:\/\/antoniofeola.it\/#website"},"datePublished":"2021-10-15T17:09:43+00:00","dateModified":"2026-01-22T14:52:24+00:00","breadcrumb":{"@id":"https:\/\/antoniofeola.it\/?page_id=4795#breadcrumb"},"inLanguage":"it-IT","potentialAction":[{"@type":"ReadAction","target":["https:\/\/antoniofeola.it\/?page_id=4795"]}]},{"@type":"BreadcrumbList","@id":"https:\/\/antoniofeola.it\/?page_id=4795#breadcrumb","itemListElement":[{"@type":"ListItem","position":1,"name":"Home","item":"https:\/\/antoniofeola.it\/"},{"@type":"ListItem","position":2,"name":"biography"}]},{"@type":"WebSite","@id":"https:\/\/antoniofeola.it\/#website","url":"https:\/\/antoniofeola.it\/","name":"Antonio Feola - Italian painter","description":"","potentialAction":[{"@type":"SearchAction","target":{"@type":"EntryPoint","urlTemplate":"https:\/\/antoniofeola.it\/?s={search_term_string}"},"query-input":"required name=search_term_string"}],"inLanguage":"it-IT"}]}},"_links":{"self":[{"href":"https:\/\/antoniofeola.it\/index.php?rest_route=\/wp\/v2\/pages\/4795","targetHints":{"allow":["GET"]}}],"collection":[{"href":"https:\/\/antoniofeola.it\/index.php?rest_route=\/wp\/v2\/pages"}],"about":[{"href":"https:\/\/antoniofeola.it\/index.php?rest_route=\/wp\/v2\/types\/page"}],"author":[{"embeddable":true,"href":"https:\/\/antoniofeola.it\/index.php?rest_route=\/wp\/v2\/users\/1"}],"replies":[{"embeddable":true,"href":"https:\/\/antoniofeola.it\/index.php?rest_route=%2Fwp%2Fv2%2Fcomments&post=4795"}],"version-history":[{"count":41,"href":"https:\/\/antoniofeola.it\/index.php?rest_route=\/wp\/v2\/pages\/4795\/revisions"}],"predecessor-version":[{"id":5241,"href":"https:\/\/antoniofeola.it\/index.php?rest_route=\/wp\/v2\/pages\/4795\/revisions\/5241"}],"wp:attachment":[{"href":"https:\/\/antoniofeola.it\/index.php?rest_route=%2Fwp%2Fv2%2Fmedia&parent=4795"}],"curies":[{"name":"wp","href":"https:\/\/api.w.org\/{rel}","templated":true}]}}